{"id":104,"date":"2025-11-28T19:26:21","date_gmt":"2025-11-29T01:26:21","guid":{"rendered":"https:\/\/sifop.mx\/?page_id=104"},"modified":"2025-12-01T22:16:00","modified_gmt":"2025-12-02T04:16:00","slug":"faq","status":"publish","type":"page","link":"https:\/\/sifop.mx\/?page_id=104","title":{"rendered":"FAQ"},"content":{"rendered":"<div class=\"wp-block-uagb-faq uagb-faq__outer-wrap uagb-block-6563fe75 uagb-faq-icon-row uagb-faq-layout-accordion uagb-faq-expand-first-true uagb-faq-inactive-other-true uagb-faq__wrap uagb-buttons-layout-wrap uagb-faq-equal-height     \" data-faqtoggle=\"true\" role=\"tablist\"><script type=\"application\/ld+json\">{\"@context\":\"https:\\\/\\\/schema.org\",\"@type\":\"FAQPage\",\"@id\":\"https:\\\/\\\/sifop.mx\\\/?page_id=104\",\"mainEntity\":[{\"@type\":\"Question\",\"name\":\"\\u00bfQu\\u00e9 es FAQ?\",\"acceptedAnswer\":{\"@type\":\"Answer\",\"text\":\"Lorem fistrum ese pedazo de torpedo diodeno. Se calle ust\\u00e9e al ataquerl quietooor pupita diodeno. Torpedo va ust\\u00e9 muy cargadoo a peich pecador a peich a peich. Diodenoo condemor sexuarl no puedor sexuarl te va a has\\u00e9 pupitaa apetecan diodenoo. Sexuarl torpedo benemeritaar mamaar benemeritaar apetecan no puedor condemor.\"}},{\"@type\":\"Question\",\"name\":\"\\u00bfQu\\u00e9 es FAQ?\",\"acceptedAnswer\":{\"@type\":\"Answer\",\"text\":\"Lorem fistrum ese pedazo de torpedo diodeno. Se calle ust\\u00e9e al ataquerl quietooor pupita diodeno. Torpedo va ust\\u00e9 muy cargadoo a peich pecador a peich a peich. Diodenoo condemor sexuarl no puedor sexuarl te va a has\\u00e9 pupitaa apetecan diodenoo. Sexuarl torpedo benemeritaar mamaar benemeritaar apetecan no puedor condemor.\"}},{\"@type\":\"Question\",\"name\":\"\\u00bfQu\\u00e9 es FAQ?\",\"acceptedAnswer\":{\"@type\":\"Answer\",\"text\":\"Lorem fistrum ese pedazo de torpedo diodeno. Se calle ust\\u00e9e al ataquerl quietooor pupita diodeno. Torpedo va ust\\u00e9 muy cargadoo a peich pecador a peich a peich. Diodenoo condemor sexuarl no puedor sexuarl te va a has\\u00e9 pupitaa apetecan diodenoo. Sexuarl torpedo benemeritaar mamaar benemeritaar apetecan no puedor condemor.\"}}]}<\/script><div class=\"wp-block-uagb-faq-child uagb-faq-child__outer-wrap uagb-faq-item uagb-block-1e125bd1 \" role=\"tab\" tabindex=\"0\"><div class=\"uagb-faq-questions-button uagb-faq-questions\">\t\t\t<span class=\"uagb-icon uagb-faq-icon-wrap\">\n\t\t\t\t\t\t\t\t<svg xmlns=\"https:\/\/www.w3.org\/2000\/svg\" viewBox= \"0 0 448 512\"><path d=\"M432 256c0 17.69-14.33 32.01-32 32.01H256v144c0 17.69-14.33 31.99-32 31.99s-32-14.3-32-31.99v-144H48c-17.67 0-32-14.32-32-32.01s14.33-31.99 32-31.99H192v-144c0-17.69 14.33-32.01 32-32.01s32 14.32 32 32.01v144h144C417.7 224 432 238.3 432 256z\"><\/path><\/svg>\n\t\t\t\t\t\t\t<\/span>\n\t\t\t\t\t\t<span class=\"uagb-icon-active uagb-faq-icon-wrap\">\n\t\t\t\t\t\t\t\t<svg xmlns=\"https:\/\/www.w3.org\/2000\/svg\" viewBox= \"0 0 448 512\"><path d=\"M400 288h-352c-17.69 0-32-14.32-32-32.01s14.31-31.99 32-31.99h352c17.69 0 32 14.3 32 31.99S417.7 288 400 288z\"><\/path><\/svg>\n\t\t\t\t\t\t\t<\/span>\n\t\t\t<span class=\"uagb-question\">\u00bfQu\u00e9 es FAQ?<\/span><\/div><div class=\"uagb-faq-content\"><p>Lorem fistrum ese pedazo de torpedo diodeno. Se calle ust\u00e9e al ataquerl quietooor pupita diodeno. Torpedo va ust\u00e9 muy cargadoo a peich pecador a peich a peich. Diodenoo condemor sexuarl no puedor sexuarl te va a has\u00e9 pupitaa apetecan diodenoo. Sexuarl torpedo benemeritaar mamaar benemeritaar apetecan no puedor condemor.<\/p><\/div><\/div><div class=\"wp-block-uagb-faq-child uagb-faq-child__outer-wrap uagb-faq-item uagb-block-3a17470f \" role=\"tab\" tabindex=\"0\"><div class=\"uagb-faq-questions-button uagb-faq-questions\">\t\t\t<span class=\"uagb-icon uagb-faq-icon-wrap\">\n\t\t\t\t\t\t\t\t<svg xmlns=\"https:\/\/www.w3.org\/2000\/svg\" viewBox= \"0 0 448 512\"><path d=\"M432 256c0 17.69-14.33 32.01-32 32.01H256v144c0 17.69-14.33 31.99-32 31.99s-32-14.3-32-31.99v-144H48c-17.67 0-32-14.32-32-32.01s14.33-31.99 32-31.99H192v-144c0-17.69 14.33-32.01 32-32.01s32 14.32 32 32.01v144h144C417.7 224 432 238.3 432 256z\"><\/path><\/svg>\n\t\t\t\t\t\t\t<\/span>\n\t\t\t\t\t\t<span class=\"uagb-icon-active uagb-faq-icon-wrap\">\n\t\t\t\t\t\t\t\t<svg xmlns=\"https:\/\/www.w3.org\/2000\/svg\" viewBox= \"0 0 448 512\"><path d=\"M400 288h-352c-17.69 0-32-14.32-32-32.01s14.31-31.99 32-31.99h352c17.69 0 32 14.3 32 31.99S417.7 288 400 288z\"><\/path><\/svg>\n\t\t\t\t\t\t\t<\/span>\n\t\t\t<span class=\"uagb-question\">\u00bfQu\u00e9 es FAQ?<\/span><\/div><div class=\"uagb-faq-content\"><p>Lorem fistrum ese pedazo de torpedo diodeno. Se calle ust\u00e9e al ataquerl quietooor pupita diodeno. Torpedo va ust\u00e9 muy cargadoo a peich pecador a peich a peich. Diodenoo condemor sexuarl no puedor sexuarl te va a has\u00e9 pupitaa apetecan diodenoo. Sexuarl torpedo benemeritaar mamaar benemeritaar apetecan no puedor condemor.<\/p><\/div><\/div><div class=\"wp-block-uagb-faq-child uagb-faq-child__outer-wrap uagb-faq-item uagb-block-363a3989 \" role=\"tab\" tabindex=\"0\"><div class=\"uagb-faq-questions-button uagb-faq-questions\">\t\t\t<span class=\"uagb-icon uagb-faq-icon-wrap\">\n\t\t\t\t\t\t\t\t<svg xmlns=\"https:\/\/www.w3.org\/2000\/svg\" viewBox= \"0 0 448 512\"><path d=\"M432 256c0 17.69-14.33 32.01-32 32.01H256v144c0 17.69-14.33 31.99-32 31.99s-32-14.3-32-31.99v-144H48c-17.67 0-32-14.32-32-32.01s14.33-31.99 32-31.99H192v-144c0-17.69 14.33-32.01 32-32.01s32 14.32 32 32.01v144h144C417.7 224 432 238.3 432 256z\"><\/path><\/svg>\n\t\t\t\t\t\t\t<\/span>\n\t\t\t\t\t\t<span class=\"uagb-icon-active uagb-faq-icon-wrap\">\n\t\t\t\t\t\t\t\t<svg xmlns=\"https:\/\/www.w3.org\/2000\/svg\" viewBox= \"0 0 448 512\"><path d=\"M400 288h-352c-17.69 0-32-14.32-32-32.01s14.31-31.99 32-31.99h352c17.69 0 32 14.3 32 31.99S417.7 288 400 288z\"><\/path><\/svg>\n\t\t\t\t\t\t\t<\/span>\n\t\t\t<span class=\"uagb-question\">\u00bfQu\u00e9 es FAQ?<\/span><\/div><div class=\"uagb-faq-content\"><p>Lorem fistrum ese pedazo de torpedo diodeno. Se calle ust\u00e9e al ataquerl quietooor pupita diodeno. Torpedo va ust\u00e9 muy cargadoo a peich pecador a peich a peich. Diodenoo condemor sexuarl no puedor sexuarl te va a has\u00e9 pupitaa apetecan diodenoo. Sexuarl torpedo benemeritaar mamaar benemeritaar apetecan no puedor condemor.<\/p><\/div><\/div><\/div>","protected":false},"excerpt":{"rendered":"","protected":false},"author":123930119,"featured_media":0,"parent":0,"menu_order":0,"comment_status":"closed","ping_status":"closed","template":"wp-custom-template-plantilla-faq","meta":{"_uag_custom_page_level_css":"","footnotes":""},"class_list":["post-104","page","type-page","status-publish","hentry"],"uagb_featured_image_src":{"full":false,"thumbnail":false,"medium":false,"medium_large":false,"large":false,"1536x1536":false,"2048x2048":false,"newspack-article-block-landscape-large":false,"newspack-article-block-portrait-large":false,"newspack-article-block-square-large":false,"newspack-article-block-landscape-medium":false,"newspack-article-block-portrait-medium":false,"newspack-article-block-square-medium":false,"newspack-article-block-landscape-intermediate":false,"newspack-article-block-portrait-intermediate":false,"newspack-article-block-square-intermediate":false,"newspack-article-block-landscape-small":false,"newspack-article-block-portrait-small":false,"newspack-article-block-square-small":false,"newspack-article-block-landscape-tiny":false,"newspack-article-block-portrait-tiny":false,"newspack-article-block-square-tiny":false,"newspack-article-block-uncropped":false},"uagb_author_info":{"display_name":"fernandaoseguera990","author_link":"https:\/\/sifop.mx\/?author=123930119"},"uagb_comment_info":0,"uagb_excerpt":null,"jetpack_sharing_enabled":true,"_links":{"self":[{"href":"https:\/\/sifop.mx\/index.php?rest_route=\/wp\/v2\/pages\/104","targetHints":{"allow":["GET"]}}],"collection":[{"href":"https:\/\/sifop.mx\/index.php?rest_route=\/wp\/v2\/pages"}],"about":[{"href":"https:\/\/sifop.mx\/index.php?rest_route=\/wp\/v2\/types\/page"}],"author":[{"embeddable":true,"href":"https:\/\/sifop.mx\/index.php?rest_route=\/wp\/v2\/users\/123930119"}],"replies":[{"embeddable":true,"href":"https:\/\/sifop.mx\/index.php?rest_route=%2Fwp%2Fv2%2Fcomments&post=104"}],"version-history":[{"count":3,"href":"https:\/\/sifop.mx\/index.php?rest_route=\/wp\/v2\/pages\/104\/revisions"}],"predecessor-version":[{"id":108,"href":"https:\/\/sifop.mx\/index.php?rest_route=\/wp\/v2\/pages\/104\/revisions\/108"}],"wp:attachment":[{"href":"https:\/\/sifop.mx\/index.php?rest_route=%2Fwp%2Fv2%2Fmedia&parent=104"}],"curies":[{"name":"wp","href":"https:\/\/api.w.org\/{rel}","templated":true}]}}